{"id":9405,"date":"2025-09-08T18:01:23","date_gmt":"2025-09-08T11:01:23","guid":{"rendered":"https:\/\/xbook.tutbrand.vn\/?page_id=9405"},"modified":"2025-09-08T18:45:41","modified_gmt":"2025-09-08T11:45:41","slug":"chinh-sach-bao-mat","status":"publish","type":"page","link":"https:\/\/xbook.tutbrand.vn\/es\/chinh-sach-bao-mat\/","title":{"rendered":"Pol\u00edtica de Privacidad"},"content":{"rendered":"<div data-elementor-type=\"wp-page\" data-elementor-id=\"9405\" class=\"elementor elementor-9405\" data-elementor-post-type=\"page\">\n\t\t\t\t<div class=\"elementor-element elementor-element-bd948a3 e-flex e-con-boxed e-con e-parent\" data-id=\"bd948a3\" data-element_type=\"container\">\n\t\t\t\t\t<div class=\"e-con-inner\">\n\t\t\t\t<div class=\"elementor-element elementor-element-e89d5ec elementor-widget elementor-widget-heading\" data-id=\"e89d5ec\" data-element_type=\"widget\" data-widget_type=\"heading.default\">\n\t\t\t\t\t<h1 class=\"elementor-heading-title elementor-size-default\">Ch\u00ednh s\u00e1ch b\u1ea3o m\u1eadt \u2013 xBook (TUTBook\u2122)<\/h1>\t\t\t\t<\/div>\n\t\t\t\t\t<\/div>\n\t\t\t\t<\/div>\n\t\t<div class=\"elementor-element elementor-element-1274d78 e-flex e-con-boxed e-con e-parent\" data-id=\"1274d78\" data-element_type=\"container\">\n\t\t\t\t\t<div class=\"e-con-inner\">\n\t\t\t\t<div class=\"elementor-element elementor-element-56356e5 elementor-widget elementor-widget-heading\" data-id=\"56356e5\" data-element_type=\"widget\" data-widget_type=\"heading.default\">\n\t\t\t\t\t<h2 class=\"elementor-heading-title elementor-size-default\">C\u1eadp nh\u1eadt: 08\/09\/2025<\/h2>\t\t\t\t<\/div>\n\t\t\t\t<div class=\"elementor-element elementor-element-51ea152 elementor-widget-divider--view-line elementor-widget elementor-widget-divider\" data-id=\"51ea152\" data-element_type=\"widget\" data-widget_type=\"divider.default\">\n\t\t\t\t\t\t\t<div class=\"elementor-divider\">\n\t\t\t<span class=\"elementor-divider-separator\">\n\t\t\t\t\t\t<\/span>\n\t\t<\/div>\n\t\t\t\t\t\t<\/div>\n\t\t\t\t\t<\/div>\n\t\t\t\t<\/div>\n\t\t<div class=\"elementor-element elementor-element-8074faa e-flex e-con-boxed e-con e-parent\" data-id=\"8074faa\" data-element_type=\"container\">\n\t\t\t\t\t<div class=\"e-con-inner\">\n\t\t\t\t<div class=\"elementor-element elementor-element-bccf617 elementor-widget elementor-widget-text-editor\" data-id=\"bccf617\" data-element_type=\"widget\" data-widget_type=\"text-editor.default\">\n\t\t\t\t\t\t\t\t\t<h1><span style=\"color: #000000; font-family: 'times new roman', times, serif;\"><strong><span style=\"font-size: 24pt;\">I. Gi\u1edbi thi\u1ec7u<\/span><\/strong><\/span><\/h1><h2><span style=\"color: #000000; font-family: 'times new roman', times, serif;\"><strong><span style=\"font-size: 18pt;\">1.1. C\u01a1 s\u1edf ph\u00e1p l\u00fd<\/span><\/strong><\/span><\/h2><p><span style=\"color: #000000; font-family: 'times new roman', times, serif;\">Ch\u00ednh s\u00e1ch b\u1ea3o m\u1eadt n\u00e0y quy \u0111\u1ecbnh c\u00e1ch C\u00d4NG TY TNHH T\u01af V\u1ea4N TH\u01af\u01a0NG HI\u1ec6U, DU L\u1ecaCH V\u00c0 GI\u00c1O D\u1ee4C TUT (sau \u0111\u00e2y g\u1ecdi l\u00e0 \u201cC\u00f4ng ty\u201d, ch\u1ee7 qu\u1ea3n n\u1ec1n t\u1ea3ng TUTBook\u2122 \u2013 xBook) thu th\u1eadp, x\u1eed l\u00fd v\u00e0 b\u1ea3o v\u1ec7 d\u1eef li\u1ec7u c\u00e1 nh\u00e2n.<\/span><\/p><p><span style=\"color: #000000; font-family: 'times new roman', times, serif;\">C\u0103n c\u1ee9 ph\u00e1p l\u00fd g\u1ed3m:<\/span><\/p><ul><li><span style=\"color: #000000; font-family: 'times new roman', times, serif;\">Quy \u0111\u1ecbnh (EU) 2016\/679 \u2013 GDPR;<\/span><\/li><li><span style=\"color: #000000; font-family: 'times new roman', times, serif;\">Lu\u1eadt An to\u00e0n th\u00f4ng tin m\u1ea1ng 2015 (VN);<\/span><\/li><li><span style=\"color: #000000; font-family: 'times new roman', times, serif;\">Ngh\u1ecb \u0111\u1ecbnh v\u1ec1 b\u1ea3o v\u1ec7 d\u1eef li\u1ec7u c\u00e1 nh\u00e2n (VN);<\/span><\/li><li><span style=\"color: #000000; font-family: 'times new roman', times, serif;\">Lu\u1eadt Giao d\u1ecbch \u0111i\u1ec7n t\u1eed 2005 v\u00e0 c\u00e1c ngh\u1ecb \u0111\u1ecbnh h\u01b0\u1edbng d\u1eabn;<\/span><\/li><li><span style=\"color: #000000; font-family: 'times new roman', times, serif;\">C\u00e1c quy \u0111\u1ecbnh ph\u00e1p lu\u1eadt li\u00ean quan v\u1ec1 th\u01b0\u01a1ng m\u1ea1i \u0111i\u1ec7n t\u1eed v\u00e0 thu\u1ebf \u2013 k\u1ebf to\u00e1n t\u1ea1i Vi\u1ec7t Nam.<\/span><\/li><\/ul><h2><span style=\"color: #000000; font-family: 'times new roman', times, serif;\"><strong><span style=\"font-size: 18pt;\">1.2. \u0110\u1ecbnh ngh\u0129a ch\u00ednh<\/span><\/strong><\/span><\/h2><p><span style=\"color: #000000; font-family: 'times new roman', times, serif;\">\u00c1p d\u1ee5ng c\u00e1c \u0111\u1ecbnh ngh\u0129a c\u1ee7a GDPR, bao g\u1ed3m: d\u1eef li\u1ec7u c\u00e1 nh\u00e2n, x\u1eed l\u00fd, h\u1ea1n ch\u1ebf x\u1eed l\u00fd, h\u1ed3 s\u01a1 h\u00f3a\/\u0111\u1ecbnh danh, pseudonymisation, b\u00ean ki\u1ec3m so\u00e1t d\u1eef li\u1ec7u (controller), b\u00ean x\u1eed l\u00fd (processor), ng\u01b0\u1eddi nh\u1eadn (recipient), b\u00ean th\u1ee9 ba, \u0111\u1ed3ng \u00fd (consent), vi ph\u1ea1m d\u1eef li\u1ec7u c\u00e1 nh\u00e2n (data breach).<\/span><\/p><h2><span style=\"color: #000000; font-family: 'times new roman', times, serif;\"><strong><span style=\"font-size: 18pt;\">1.3. Ph\u1ea1m vi \u00e1p d\u1ee5ng<\/span><\/strong><\/span><\/h2><p><span style=\"color: #000000; font-family: 'times new roman', times, serif;\">Ch\u00ednh s\u00e1ch \u00e1p d\u1ee5ng cho ng\u01b0\u1eddi d\u00f9ng xBook (h\u1ecdc sinh, sinh vi\u00ean, gi\u00e1o vi\u00ean, ph\u1ee5 huynh, nh\u00e0 xu\u1ea5t b\u1ea3n, t\u00e1c gi\u1ea3, ng\u01b0\u1eddi d\u00f9ng Premium) v\u00e0 c\u00e1c d\u1ecbch v\u1ee5: qu\u00e9t QR h\u1ecdc t\u1eadp, kho n\u1ed9i dung t\u01b0\u01a1ng t\u00e1c (video, quiz, 3D, audio), t\u00e0i kho\u1ea3n \u0111\u1ecbnh danh K12, ch\u1ee9ng ch\u1ec9 vi m\u00f4, marketplace h\u1ecdc li\u1ec7u, m\u00f4 ph\u1ecfng s\u1ed1, \u1ee9ng d\u1ee5ng di \u0111\u1ed9ng, h\u1ec7 qu\u1ea3n tr\u1ecb WebAdmin.<\/span><\/p><h2><span style=\"font-size: 18pt; color: #000000; font-family: 'times new roman', times, serif;\"><strong>1.4. \u0110\u01a1n v\u1ecb ki\u1ec3m so\u00e1t d\u1eef li\u1ec7u (Controller)<\/strong><\/span><\/h2><p><span style=\"color: #000000; font-family: 'times new roman', times, serif;\">T\u00ean c\u00f4ng ty: C\u00d4NG TY TNHH T\u01af V\u1ea4N TH\u01af\u01a0NG HI\u1ec6U, DU L\u1ecaCH V\u00c0 GI\u00c1O D\u1ee4C TUT<\/span><\/p><p><span style=\"color: #000000; font-family: 'times new roman', times, serif;\">M\u00e3 s\u1ed1 thu\u1ebf (MST): 0110794796<\/span><\/p><p><span style=\"color: #000000; font-family: 'times new roman', times, serif;\">\u0110\u1ecba ch\u1ec9: 81CL4, L\u00f4 43, Lai X\u00e1, X\u00e3 Kim Chung, Huy\u1ec7n Ho\u00e0i \u0110\u1ee9c, Th\u00e0nh ph\u1ed1 H\u00e0 N\u1ed9i, Vi\u1ec7t Nam<\/span><\/p><p><span style=\"color: #000000; font-family: 'times new roman', times, serif;\">Email li\u00ean h\u1ec7: info@tutbrand.vn<\/span><\/p><h1><span style=\"color: #000000; font-family: 'times new roman', times, serif;\"><strong><span style=\"font-size: 24pt;\">II. Lo\u1ea1i d\u1eef li\u1ec7u \u0111\u01b0\u1ee3c thu th\u1eadp<\/span><\/strong><\/span><\/h1><ul><li><span style=\"color: #000000; font-family: 'times new roman', times, serif;\"><strong> D\u1eef li\u1ec7u \u0111\u1ecbnh danh: <\/strong>H\u1ecd t\u00ean, ng\u00e0y sinh, \u0111\u1ecba ch\u1ec9, email, s\u1ed1 \u0111i\u1ec7n tho\u1ea1i, tr\u01b0\u1eddng\/l\u1edbp, vai tr\u00f2 (h\u1ecdc sinh\/gi\u00e1o vi\u00ean\/ph\u1ee5 huynh).<\/span><\/li><li><span style=\"color: #000000; font-family: 'times new roman', times, serif;\"><strong> D\u1eef li\u1ec7u h\u1ecdc t\u1eadp: <\/strong>Ti\u1ebfn \u0111\u1ed9, \u0111i\u1ec3m quiz, k\u1ebft qu\u1ea3 m\u00f4 ph\u1ecfng, ch\u1ee9ng ch\u1ec9 vi m\u00f4, th\u00f3i quen h\u1ecdc t\u1eadp\/ti\u00eau th\u1ee5 n\u1ed9i dung.<\/span><\/li><li><span style=\"color: #000000; font-family: 'times new roman', times, serif;\"><strong> D\u1eef li\u1ec7u h\u1ec7 th\u1ed1ng: <\/strong>\u0110\u1ecba ch\u1ec9 IP, thi\u1ebft b\u1ecb, h\u1ec7 \u0111i\u1ec1u h\u00e0nh, tr\u00ecnh duy\u1ec7t, cookie, l\u1ecbch s\u1eed truy c\u1eadp.<\/span><\/li><li><span style=\"color: #000000; font-family: 'times new roman', times, serif;\"><strong> D\u1eef li\u1ec7u t\u00e0i ch\u00ednh: <\/strong>Th\u00f4ng tin thanh to\u00e1n Premium\/EDU, giao d\u1ecbch, h\u00f3a \u0111\u01a1n (kh\u00f4ng l\u01b0u tr\u1eef th\u00f4ng tin th\u1ebb \u0111\u1ea7y \u0111\u1ee7).<\/span><\/li><li><span style=\"color: #000000; font-family: 'times new roman', times, serif;\"><strong> D\u1eef li\u1ec7u c\u1ed9ng \u0111\u1ed3ng: <\/strong>N\u1ed9i dung h\u1ecdc li\u1ec7u b\u1ed5 sung, \u0111\u00e1nh gi\u00e1, b\u00ecnh lu\u1eadn, flag ki\u1ec3m duy\u1ec7t.<\/span><\/li><\/ul><h1><span style=\"color: #000000; font-family: 'times new roman', times, serif;\"><strong><span style=\"font-size: 24pt;\">III. M\u1ee5c \u0111\u00edch v\u00e0 c\u0103n c\u1ee9 x\u1eed l\u00fd d\u1eef li\u1ec7u<\/span><\/strong><\/span><\/h1><ol><li><span style=\"color: #000000; font-family: 'times new roman', times, serif;\"><strong>Cung c\u1ea5p d\u1ecbch v\u1ee5: <\/strong>Cho ph\u00e9p truy c\u1eadp h\u1ecdc li\u1ec7u s\u1ed1, qu\u00e9t QR, ch\u1ea1y m\u00f4 ph\u1ecfng, c\u1ea5p ch\u1ee9ng ch\u1ec9 vi m\u00f4, qu\u1ea3n l\u00fd t\u00e0i kho\u1ea3n \u0111\u1ecbnh danh K12.<\/span><\/li><li><span style=\"color: #000000; font-family: 'times new roman', times, serif;\"><strong>B\u1ea3o v\u1ec7 b\u1ea3n quy\u1ec1n: <\/strong>Qu\u1ea3n l\u00fd ISBN + QR + serial, x\u00e1c th\u1ef1c ngu\u1ed3n, h\u1ea1n ch\u1ebf sao ch\u00e9p tr\u00e1i ph\u00e9p; c\u0103n c\u1ee9 l\u1ee3i \u00edch h\u1ee3p ph\u00e1p v\u00e0\/ho\u1eb7c h\u1ee3p \u0111\u1ed3ng.<\/span><\/li><li><span style=\"color: #000000; font-family: 'times new roman', times, serif;\"><strong>Ph\u00e2n t\u00edch &amp; c\u1ea3i ti\u1ebfn: <\/strong>Ph\u00e2n t\u00edch d\u1eef li\u1ec7u h\u1ecdc t\u1eadp, \u0111o l\u01b0\u1eddng hi\u1ec7u qu\u1ea3 n\u1ed9i dung \u0111\u1ec3 n\u00e2ng cao tr\u1ea3i nghi\u1ec7m; c\u0103n c\u1ee9 l\u1ee3i \u00edch h\u1ee3p ph\u00e1p v\u00e0\/ho\u1eb7c \u0111\u1ed3ng \u00fd.<\/span><\/li><li><span style=\"color: #000000; font-family: 'times new roman', times, serif;\"><strong>D\u1ecbch v\u1ee5 tr\u1ea3 ph\u00ed: <\/strong>Qu\u1ea3n l\u00fd g\u00f3i Premium\/EDU, marketplace; c\u0103n c\u1ee9 h\u1ee3p \u0111\u1ed3ng v\u00e0 ngh\u0129a v\u1ee5 ph\u00e1p l\u00fd v\u1ec1 k\u1ebf to\u00e1n \u2013 thu\u1ebf.<\/span><\/li><li><span style=\"color: #000000; font-family: 'times new roman', times, serif;\"><strong>Truy\u1ec1n th\u00f4ng c\u00f3 ch\u1ecdn l\u1ecdc: <\/strong>G\u1eedi th\u00f4ng b\u00e1o d\u1ecbch v\u1ee5\/\u01b0u \u0111\u00e3i khi c\u00f3 \u0111\u1ed3ng \u00fd; cho ph\u00e9p r\u00fat l\u1ea1i \u0111\u1ed3ng \u00fd b\u1ea5t k\u1ef3 l\u00fac n\u00e0o.<\/span><\/li><li><span style=\"color: #000000; font-family: 'times new roman', times, serif;\"><strong>Tu\u00e2n th\u1ee7 ph\u00e1p lu\u1eadt: <\/strong>Th\u1ef1c hi\u1ec7n y\u00eau c\u1ea7u c\u1ee7a c\u01a1 quan nh\u00e0 n\u01b0\u1edbc c\u00f3 th\u1ea9m quy\u1ec1n theo lu\u1eadt \u0111\u1ecbnh.<\/span><\/li><\/ol><h1><span style=\"color: #000000; font-family: 'times new roman', times, serif;\"><strong><span style=\"font-size: 24pt;\">IV. Quy\u1ec1n c\u1ee7a ng\u01b0\u1eddi d\u00f9ng<\/span><\/strong><\/span><\/h1><ul><li><span style=\"color: #000000; font-family: 'times new roman', times, serif;\">Quy\u1ec1n \u0111\u01b0\u1ee3c th\u00f4ng tin tr\u01b0\u1edbc khi thu th\u1eadp\/x\u1eed l\u00fd d\u1eef li\u1ec7u.<\/span><\/li><li><span style=\"color: #000000; font-family: 'times new roman', times, serif;\">Quy\u1ec1n truy c\u1eadp d\u1eef li\u1ec7u; nh\u1eadn b\u1ea3n sao d\u1eef li\u1ec7u \u1edf \u0111\u1ecbnh d\u1ea1ng c\u00f3 c\u1ea5u tr\u00fac (data portability).<\/span><\/li><li><span style=\"color: #000000; font-family: 'times new roman', times, serif;\">Quy\u1ec1n ch\u1ec9nh s\u1eeda, b\u1ed5 sung d\u1eef li\u1ec7u kh\u00f4ng ch\u00ednh x\u00e1c ho\u1eb7c thi\u1ebfu.<\/span><\/li><li><span style=\"color: #000000; font-family: 'times new roman', times, serif;\">Quy\u1ec1n x\u00f3a d\u1eef li\u1ec7u (\u201cquy\u1ec1n \u0111\u01b0\u1ee3c qu\u00ean\u201d) trong c\u00e1c tr\u01b0\u1eddng h\u1ee3p theo lu\u1eadt.<\/span><\/li><li><span style=\"color: #000000; font-family: 'times new roman', times, serif;\">Quy\u1ec1n h\u1ea1n ch\u1ebf x\u1eed l\u00fd v\u00e0 ph\u1ea3n \u0111\u1ed1i x\u1eed l\u00fd (bao g\u1ed3m ti\u1ebfp th\u1ecb tr\u1ef1c ti\u1ebfp).<\/span><\/li><li><span style=\"color: #000000; font-family: 'times new roman', times, serif;\">Quy\u1ec1n khi\u1ebfu n\u1ea1i t\u1edbi c\u01a1 quan b\u1ea3o v\u1ec7 d\u1eef li\u1ec7u c\u00f3 th\u1ea9m quy\u1ec1n (VN\/EU).<\/span><\/li><\/ul><p><span style=\"color: #000000; font-family: 'times new roman', times, serif;\">M\u1ecdi y\u00eau c\u1ea7u th\u1ef1c hi\u1ec7n quy\u1ec1n s\u1ebd \u0111\u01b0\u1ee3c ph\u1ea3n h\u1ed3i trong v\u00f2ng 01 th\u00e1ng k\u1ec3 t\u1eeb ng\u00e0y nh\u1eadn, c\u00f3 th\u1ec3 gia h\u1ea1n th\u00eam t\u1ed1i \u0111a 02 th\u00e1ng \u0111\u1ed1i v\u1edbi y\u00eau c\u1ea7u ph\u1ee9c t\u1ea1p; s\u1ebd th\u00f4ng b\u00e1o l\u00fd do gia h\u1ea1n n\u1ebfu c\u00f3.<\/span><\/p><h1><span style=\"color: #000000; font-family: 'times new roman', times, serif;\"><strong><span style=\"font-size: 24pt;\">V. Chia s\u1ebb d\u1eef li\u1ec7u &amp; b\u00ean x\u1eed l\u00fd (Processor)<\/span><\/strong><\/span><\/h1><p><span style=\"color: #000000; font-family: 'times new roman', times, serif;\">C\u00f4ng ty c\u00f3 th\u1ec3 chia s\u1ebb d\u1eef li\u1ec7u v\u1edbi c\u00e1c \u0111\u1ed1i t\u00e1c cung c\u1ea5p h\u1ea1 t\u1ea7ng (hosting\/CDN), thanh to\u00e1n, v\u1eadn chuy\u1ec3n (n\u1ebfu c\u00f3), k\u1ebf to\u00e1n \u2013 thu\u1ebf, v\u00e0 nh\u00e0 xu\u1ea5t b\u1ea3n\/\u0111\u01a1n v\u1ecb tr\u01b0\u1eddng h\u1ecdc trong ph\u1ea1m vi c\u1ea7n thi\u1ebft \u0111\u1ec3 cung c\u1ea5p d\u1ecbch v\u1ee5. T\u1ea5t c\u1ea3 \u0111\u1ed1i t\u00e1c ph\u1ea3i tu\u00e2n th\u1ee7 th\u1ecfa thu\u1eadn b\u1ea3o m\u1eadt v\u00e0 quy \u0111\u1ecbnh b\u1ea3o v\u1ec7 d\u1eef li\u1ec7u hi\u1ec7n h\u00e0nh.<\/span><\/p><h1><span style=\"color: #000000; font-family: 'times new roman', times, serif;\"><strong><span style=\"font-size: 24pt;\">VI. B\u1ea3o m\u1eadt, an to\u00e0n &amp; l\u01b0u tr\u1eef<\/span><\/strong><\/span><\/h1><p><span style=\"color: #000000; font-family: 'times new roman', times, serif;\">xBook \u00e1p d\u1ee5ng c\u01a1 ch\u1ebf m\u00e3 h\u00f3a SSL\/TLS, ph\u00e2n quy\u1ec1n truy c\u1eadp theo vai tr\u00f2, ghi nh\u1eadt k\u00fd truy c\u1eadp, v\u00e0 ki\u1ec3m th\u1eed b\u1ea3o m\u1eadt \u0111\u1ecbnh k\u1ef3. Trong tr\u01b0\u1eddng h\u1ee3p x\u1ea3y ra vi ph\u1ea1m d\u1eef li\u1ec7u c\u00f3 r\u1ee7i ro cao, C\u00f4ng ty s\u1ebd th\u00f4ng b\u00e1o kh\u00f4ng ch\u1eadm tr\u1ec5.<\/span><\/p><p><span style=\"color: #000000; font-family: 'times new roman', times, serif;\">Th\u1eddi h\u1ea1n l\u01b0u tr\u1eef: d\u1eef li\u1ec7u h\u1ecdc t\u1eadp v\u00e0 t\u00e0i kho\u1ea3n gi\u1eef t\u1ed1i \u0111a 5\u20137 n\u0103m ho\u1eb7c \u0111\u1ebfn khi ng\u01b0\u1eddi d\u00f9ng y\u00eau c\u1ea7u x\u00f3a; d\u1eef li\u1ec7u h\u00f3a \u0111\u01a1n, k\u1ebf to\u00e1n: 8 n\u0103m theo lu\u1eadt. D\u1eef li\u1ec7u s\u1ebd \u0111\u01b0\u1ee3c \u1ea9n danh ho\u1eb7c h\u1ee7y an to\u00e0n khi h\u1ebft th\u1eddi h\u1ea1n.<\/span><\/p><h1><span style=\"color: #000000; font-family: 'times new roman', times, serif; font-size: 24pt;\"><strong>VII. Cookies &amp; \u1ee8ng d\u1ee5ng di \u0111\u1ed9ng<\/strong><\/span><\/h1><p><span style=\"color: #000000; font-family: 'times new roman', times, serif;\">Website\/\u1ee9ng d\u1ee5ng s\u1eed d\u1ee5ng cookies phi\u00ean (session) v\u00e0 cookies l\u01b0u tr\u1eef (persistent) cho ng\u00f4n ng\u1eef, giao di\u1ec7n v\u00e0 th\u1ed1ng k\u00ea. Ng\u01b0\u1eddi d\u00f9ng c\u00f3 th\u1ec3 t\u1eaft cookies trong tr\u00ecnh duy\u1ec7t, tuy nhi\u00ean m\u1ed9t s\u1ed1 t\u00ednh n\u0103ng c\u00f3 th\u1ec3 kh\u00f4ng ho\u1ea1t \u0111\u1ed9ng.<\/span><\/p><p><span style=\"color: #000000; font-family: 'times new roman', times, serif;\">\u1ee8ng d\u1ee5ng di \u0111\u1ed9ng c\u00f3 th\u1ec3 thu th\u1eadp d\u1eef li\u1ec7u l\u1ed7i h\u1ec7 th\u1ed1ng, th\u00f3i quen s\u1eed d\u1ee5ng v\u00e0 v\u1ecb tr\u00ed thi\u1ebft b\u1ecb \u0111\u1ec3 t\u1ed1i \u01b0u tr\u1ea3i nghi\u1ec7m; kh\u00f4ng li\u00ean k\u1ebft tr\u00e1i ph\u00e9p v\u1edbi d\u1eef li\u1ec7u \u0111\u1ecbnh danh n\u1ebfu kh\u00f4ng c\u00f3 c\u0103n c\u1ee9 ph\u00e1p l\u00fd ho\u1eb7c \u0111\u1ed3ng \u00fd.<\/span><\/p><h1><span style=\"color: #000000; font-family: 'times new roman', times, serif; font-size: 24pt;\"><strong>VIII. Chuy\u1ec3n qu\u1ed1c gia &amp; chu\u1ea9n qu\u1ed1c t\u1ebf<\/strong><\/span><\/h1><p><span style=\"color: #000000; font-family: 'times new roman', times, serif;\">Khi ph\u00e1t sinh chuy\u1ec3n d\u1eef li\u1ec7u ra ngo\u00e0i l\u00e3nh th\u1ed5, C\u00f4ng ty s\u1ebd \u00e1p d\u1ee5ng c\u00e1c c\u01a1 ch\u1ebf ph\u00e1p l\u00fd ph\u00f9 h\u1ee3p (v\u00ed d\u1ee5: SCC theo GDPR) v\u00e0 \u0111\u1ea3m b\u1ea3o m\u1ee9c \u0111\u1ed9 b\u1ea3o v\u1ec7 t\u01b0\u01a1ng \u0111\u01b0\u01a1ng.<\/span><\/p><h1><span style=\"color: #000000; font-family: 'times new roman', times, serif; font-size: 24pt;\"><strong>IX. C\u1eadp nh\u1eadt ch\u00ednh s\u00e1ch<\/strong><\/span><\/h1><p><span style=\"color: #000000; font-family: 'times new roman', times, serif;\">Ch\u00ednh s\u00e1ch c\u00f3 th\u1ec3 c\u1eadp nh\u1eadt theo y\u00eau c\u1ea7u ph\u00e1p l\u00fd ho\u1eb7c v\u1eadn h\u00e0nh. B\u1ea3n c\u1eadp nh\u1eadt s\u1ebd \u0111\u01b0\u1ee3c c\u00f4ng b\u1ed1 tr\u00ean website\/app; ti\u1ebfp t\u1ee5c s\u1eed d\u1ee5ng d\u1ecbch v\u1ee5 \u0111\u1ed3ng ngh\u0129a ch\u1ea5p thu\u1eadn b\u1ea3n c\u1eadp nh\u1eadt. Ng\u01b0\u1eddi d\u00f9ng c\u00f3 th\u1ec3 l\u1ef1a ch\u1ecdn ng\u1eebng s\u1eed d\u1ee5ng v\u00e0 y\u00eau c\u1ea7u x\u00f3a d\u1eef li\u1ec7u.<\/span><\/p>\t\t\t\t\t\t\t\t<\/div>\n\t\t\t\t\t<\/div>\n\t\t\t\t<\/div>\n\t\t<div class=\"elementor-element elementor-element-f41e1f4 e-flex e-con-boxed e-con e-parent\" data-id=\"f41e1f4\" data-element_type=\"container\">\n\t\t\t\t\t<div class=\"e-con-inner\">\n\t\t\t\t<div class=\"elementor-element elementor-element-d7c5d9a elementor-widget-divider--view-line elementor-widget elementor-widget-divider\" data-id=\"d7c5d9a\" data-element_type=\"widget\" data-widget_type=\"divider.default\">\n\t\t\t\t\t\t\t<div class=\"elementor-divider\">\n\t\t\t<span class=\"elementor-divider-separator\">\n\t\t\t\t\t\t<\/span>\n\t\t<\/div>\n\t\t\t\t\t\t<\/div>\n\t\t\t\t\t<\/div>\n\t\t\t\t<\/div>\n\t\t<div class=\"elementor-element elementor-element-663bb5a e-flex e-con-boxed e-con e-parent\" data-id=\"663bb5a\" data-element_type=\"container\">\n\t\t\t\t\t<div class=\"e-con-inner\">\n\t\t\t\t<div class=\"elementor-element elementor-element-ec0c3e5 elementor-widget elementor-widget-text-editor\" data-id=\"ec0c3e5\" data-element_type=\"widget\" data-widget_type=\"text-editor.default\">\n\t\t\t\t\t\t\t\t\t<p>M\u1ecdi li\u00ean h\u1ec7 v\u1ec1 b\u1ea3o v\u1ec7 d\u1eef li\u1ec7u: info@tutbrand.vn<\/p>\t\t\t\t\t\t\t\t<\/div>\n\t\t\t\t\t<\/div>\n\t\t\t\t<\/div>\n\t\t\t\t<\/div>","protected":false},"excerpt":{"rendered":"<p>Ch\u00ednh s\u00e1ch b\u1ea3o m\u1eadt \u2013 xBook (TUTBook\u2122) C\u1eadp nh\u1eadt: 08\/09\/2025 I. Gi\u1edbi thi\u1ec7u 1.1. C\u01a1 s\u1edf ph\u00e1p l\u00fd Ch\u00ednh s\u00e1ch b\u1ea3o m\u1eadt n\u00e0y quy \u0111\u1ecbnh c\u00e1ch C\u00d4NG TY TNHH T\u01af V\u1ea4N TH\u01af\u01a0NG HI\u1ec6U, DU L\u1ecaCH V\u00c0 GI\u00c1O D\u1ee4C TUT (sau \u0111\u00e2y g\u1ecdi l\u00e0 \u201cC\u00f4ng ty\u201d, ch\u1ee7 qu\u1ea3n n\u1ec1n t\u1ea3ng TUTBook\u2122&#8230;<\/p>","protected":false},"author":7,"featured_media":0,"parent":0,"menu_order":0,"comment_status":"closed","ping_status":"closed","template":"","meta":{"footnotes":""},"class_list":["post-9405","page","type-page","status-publish","hentry"],"_links":{"self":[{"href":"https:\/\/xbook.tutbrand.vn\/es\/wp-json\/wp\/v2\/pages\/9405","targetHints":{"allow":["GET"]}}],"collection":[{"href":"https:\/\/xbook.tutbrand.vn\/es\/wp-json\/wp\/v2\/pages"}],"about":[{"href":"https:\/\/xbook.tutbrand.vn\/es\/wp-json\/wp\/v2\/types\/page"}],"author":[{"embeddable":true,"href":"https:\/\/xbook.tutbrand.vn\/es\/wp-json\/wp\/v2\/users\/7"}],"replies":[{"embeddable":true,"href":"https:\/\/xbook.tutbrand.vn\/es\/wp-json\/wp\/v2\/comments?post=9405"}],"version-history":[{"count":19,"href":"https:\/\/xbook.tutbrand.vn\/es\/wp-json\/wp\/v2\/pages\/9405\/revisions"}],"predecessor-version":[{"id":9435,"href":"https:\/\/xbook.tutbrand.vn\/es\/wp-json\/wp\/v2\/pages\/9405\/revisions\/9435"}],"wp:attachment":[{"href":"https:\/\/xbook.tutbrand.vn\/es\/wp-json\/wp\/v2\/media?parent=9405"}],"curies":[{"name":"wp","href":"https:\/\/api.w.org\/{rel}","templated":true}]}}